{"id":518,"date":"2025-07-14T12:40:08","date_gmt":"2025-07-14T10:40:08","guid":{"rendered":"https:\/\/maderadelider.es\/?page_id=518"},"modified":"2025-09-26T18:20:23","modified_gmt":"2025-09-26T16:20:23","slug":"trabaja-con-nosotros","status":"publish","type":"page","link":"https:\/\/maderadelider.es\/en\/trabaja-con-nosotros\/","title":{"rendered":"Trabaja con nosotros"},"content":{"rendered":"","protected":false},"excerpt":{"rendered":"","protected":false},"author":1,"featured_media":0,"parent":0,"menu_order":0,"comment_status":"closed","ping_status":"closed","template":"","meta":{"footnotes":""},"class_list":["post-518","page","type-page","status-publish","hentry"],"yoast_head":"<!-- This site is optimized with the Yoast SEO plugin v26.0 - https:\/\/yoast.com\/wordpress\/plugins\/seo\/ -->\n<title>Trabaja con nosotros - Madera de L\u00edder<\/title>\n<meta name=\"description\" content=\"\u00danete a Madera de L\u00edder: buscamos carpinteros, dise\u00f1adores y m\u00e1s para proyectos de mobiliario comercial. \u00a1Forma parte de nuestro equipo!\" \/>\n<meta name=\"robots\" content=\"index, follow, max-snippet:-1, max-image-preview:large, max-video-preview:-1\" \/>\n<link rel=\"canonical\" href=\"https:\/\/maderadelider.es\/en\/trabaja-con-nosotros\/\" \/>\n<meta property=\"og:locale\" content=\"en_GB\" \/>\n<meta property=\"og:type\" content=\"article\" \/>\n<meta property=\"og:title\" content=\"Trabaja con nosotros - Madera de L\u00edder\" \/>\n<meta property=\"og:description\" content=\"\u00danete a Madera de L\u00edder: buscamos carpinteros, dise\u00f1adores y m\u00e1s para proyectos de mobiliario comercial. \u00a1Forma parte de nuestro equipo!\" \/>\n<meta property=\"og:url\" content=\"https:\/\/maderadelider.es\/en\/trabaja-con-nosotros\/\" \/>\n<meta property=\"og:site_name\" content=\"Madera de L\u00edder\" \/>\n<meta property=\"article:modified_time\" content=\"2025-09-26T16:20:23+00:00\" \/>\n<meta name=\"twitter:card\" content=\"summary_large_image\" \/>\n<meta name=\"twitter:label1\" content=\"Estimated reading time\" \/>\n\t<meta name=\"twitter:data1\" content=\"1 minute\" \/>\n<script type=\"application\/ld+json\" class=\"yoast-schema-graph\">{\"@context\":\"https:\/\/schema.org\",\"@graph\":[{\"@type\":\"WebPage\",\"@id\":\"https:\/\/maderadelider.es\/trabaja-con-nosotros\/\",\"url\":\"https:\/\/maderadelider.es\/trabaja-con-nosotros\/\",\"name\":\"Trabaja con nosotros - Madera de L\u00edder\",\"isPartOf\":{\"@id\":\"https:\/\/maderadelider.es\/#website\"},\"datePublished\":\"2025-07-14T10:40:08+00:00\",\"dateModified\":\"2025-09-26T16:20:23+00:00\",\"description\":\"\u00danete a Madera de L\u00edder: buscamos carpinteros, dise\u00f1adores y m\u00e1s para proyectos de mobiliario comercial. \u00a1Forma parte de nuestro equipo!\",\"breadcrumb\":{\"@id\":\"https:\/\/maderadelider.es\/trabaja-con-nosotros\/#breadcrumb\"},\"inLanguage\":\"en-GB\",\"potentialAction\":[{\"@type\":\"ReadAction\",\"target\":[\"https:\/\/maderadelider.es\/trabaja-con-nosotros\/\"]}]},{\"@type\":\"BreadcrumbList\",\"@id\":\"https:\/\/maderadelider.es\/trabaja-con-nosotros\/#breadcrumb\",\"itemListElement\":[{\"@type\":\"ListItem\",\"position\":1,\"name\":\"Portada\",\"item\":\"https:\/\/maderadelider.es\/\"},{\"@type\":\"ListItem\",\"position\":2,\"name\":\"Trabaja con nosotros\"}]},{\"@type\":\"WebSite\",\"@id\":\"https:\/\/maderadelider.es\/#website\",\"url\":\"https:\/\/maderadelider.es\/\",\"name\":\"Madera de L\u00edder\",\"description\":\"\",\"potentialAction\":[{\"@type\":\"SearchAction\",\"target\":{\"@type\":\"EntryPoint\",\"urlTemplate\":\"https:\/\/maderadelider.es\/?s={search_term_string}\"},\"query-input\":{\"@type\":\"PropertyValueSpecification\",\"valueRequired\":true,\"valueName\":\"search_term_string\"}}],\"inLanguage\":\"en-GB\"}]}<\/script>\n<!-- \/ Yoast SEO plugin. -->","yoast_head_json":{"title":"Trabaja con nosotros - Madera de L\u00edder","description":"\u00danete a Madera de L\u00edder: buscamos carpinteros, dise\u00f1adores y m\u00e1s para proyectos de mobiliario comercial. \u00a1Forma parte de nuestro equipo!","robots":{"index":"index","follow":"follow","max-snippet":"max-snippet:-1","max-image-preview":"max-image-preview:large","max-video-preview":"max-video-preview:-1"},"canonical":"https:\/\/maderadelider.es\/en\/trabaja-con-nosotros\/","og_locale":"en_GB","og_type":"article","og_title":"Trabaja con nosotros - Madera de L\u00edder","og_description":"\u00danete a Madera de L\u00edder: buscamos carpinteros, dise\u00f1adores y m\u00e1s para proyectos de mobiliario comercial. \u00a1Forma parte de nuestro equipo!","og_url":"https:\/\/maderadelider.es\/en\/trabaja-con-nosotros\/","og_site_name":"Madera de L\u00edder","article_modified_time":"2025-09-26T16:20:23+00:00","twitter_card":"summary_large_image","twitter_misc":{"Estimated reading time":"1 minute"},"schema":{"@context":"https:\/\/schema.org","@graph":[{"@type":"WebPage","@id":"https:\/\/maderadelider.es\/trabaja-con-nosotros\/","url":"https:\/\/maderadelider.es\/trabaja-con-nosotros\/","name":"Trabaja con nosotros - Madera de L\u00edder","isPartOf":{"@id":"https:\/\/maderadelider.es\/#website"},"datePublished":"2025-07-14T10:40:08+00:00","dateModified":"2025-09-26T16:20:23+00:00","description":"\u00danete a Madera de L\u00edder: buscamos carpinteros, dise\u00f1adores y m\u00e1s para proyectos de mobiliario comercial. \u00a1Forma parte de nuestro equipo!","breadcrumb":{"@id":"https:\/\/maderadelider.es\/trabaja-con-nosotros\/#breadcrumb"},"inLanguage":"en-GB","potentialAction":[{"@type":"ReadAction","target":["https:\/\/maderadelider.es\/trabaja-con-nosotros\/"]}]},{"@type":"BreadcrumbList","@id":"https:\/\/maderadelider.es\/trabaja-con-nosotros\/#breadcrumb","itemListElement":[{"@type":"ListItem","position":1,"name":"Portada","item":"https:\/\/maderadelider.es\/"},{"@type":"ListItem","position":2,"name":"Trabaja con nosotros"}]},{"@type":"WebSite","@id":"https:\/\/maderadelider.es\/#website","url":"https:\/\/maderadelider.es\/","name":"Madera de L\u00edder","description":"","potentialAction":[{"@type":"SearchAction","target":{"@type":"EntryPoint","urlTemplate":"https:\/\/maderadelider.es\/?s={search_term_string}"},"query-input":{"@type":"PropertyValueSpecification","valueRequired":true,"valueName":"search_term_string"}}],"inLanguage":"en-GB"}]}},"_links":{"self":[{"href":"https:\/\/maderadelider.es\/en\/wp-json\/wp\/v2\/pages\/518","targetHints":{"allow":["GET"]}}],"collection":[{"href":"https:\/\/maderadelider.es\/en\/wp-json\/wp\/v2\/pages"}],"about":[{"href":"https:\/\/maderadelider.es\/en\/wp-json\/wp\/v2\/types\/page"}],"author":[{"embeddable":true,"href":"https:\/\/maderadelider.es\/en\/wp-json\/wp\/v2\/users\/1"}],"replies":[{"embeddable":true,"href":"https:\/\/maderadelider.es\/en\/wp-json\/wp\/v2\/comments?post=518"}],"version-history":[{"count":0,"href":"https:\/\/maderadelider.es\/en\/wp-json\/wp\/v2\/pages\/518\/revisions"}],"wp:attachment":[{"href":"https:\/\/maderadelider.es\/en\/wp-json\/wp\/v2\/media?parent=518"}],"curies":[{"name":"wp","href":"https:\/\/api.w.org\/{rel}","templated":true}]}}