{"id":235,"date":"2025-07-03T13:57:58","date_gmt":"2025-07-03T11:57:58","guid":{"rendered":"https:\/\/maderadelider.es\/?page_id=235"},"modified":"2025-09-24T14:43:04","modified_gmt":"2025-09-24T12:43:04","slug":"sobre-nosotros","status":"publish","type":"page","link":"https:\/\/maderadelider.es\/en\/sobre-nosotros\/","title":{"rendered":"Sobre nosotros"},"content":{"rendered":"","protected":false},"excerpt":{"rendered":"","protected":false},"author":1,"featured_media":0,"parent":0,"menu_order":0,"comment_status":"closed","ping_status":"closed","template":"","meta":{"footnotes":""},"class_list":["post-235","page","type-page","status-publish","hentry"],"yoast_head":"<!-- This site is optimized with the Yoast SEO plugin v26.0 - https:\/\/yoast.com\/wordpress\/plugins\/seo\/ -->\n<title>Sobre nosotros - Madera de L\u00edder<\/title>\n<meta name=\"description\" content=\"Madera de L\u00edder: m\u00e1s de 20 a\u00f1os dise\u00f1ando mobiliario comercial y decoraci\u00f3n de interiores. Conoce nuestra historia, valores y compromiso con la calidad.\" \/>\n<meta name=\"robots\" content=\"index, follow, max-snippet:-1, max-image-preview:large, max-video-preview:-1\" \/>\n<link rel=\"canonical\" href=\"https:\/\/maderadelider.es\/en\/sobre-nosotros\/\" \/>\n<meta property=\"og:locale\" content=\"en_GB\" \/>\n<meta property=\"og:type\" content=\"article\" \/>\n<meta property=\"og:title\" content=\"Sobre nosotros - Madera de L\u00edder\" \/>\n<meta property=\"og:description\" content=\"Madera de L\u00edder: m\u00e1s de 20 a\u00f1os dise\u00f1ando mobiliario comercial y decoraci\u00f3n de interiores. Conoce nuestra historia, valores y compromiso con la calidad.\" \/>\n<meta property=\"og:url\" content=\"https:\/\/maderadelider.es\/en\/sobre-nosotros\/\" \/>\n<meta property=\"og:site_name\" content=\"Madera de L\u00edder\" \/>\n<meta property=\"article:modified_time\" content=\"2025-09-24T12:43:04+00:00\" \/>\n<meta name=\"twitter:card\" content=\"summary_large_image\" \/>\n<meta name=\"twitter:label1\" content=\"Estimated reading time\" \/>\n\t<meta name=\"twitter:data1\" content=\"3 minutes\" \/>\n<script type=\"application\/ld+json\" class=\"yoast-schema-graph\">{\"@context\":\"https:\/\/schema.org\",\"@graph\":[{\"@type\":\"WebPage\",\"@id\":\"https:\/\/maderadelider.es\/sobre-nosotros\/\",\"url\":\"https:\/\/maderadelider.es\/sobre-nosotros\/\",\"name\":\"Sobre nosotros - Madera de L\u00edder\",\"isPartOf\":{\"@id\":\"https:\/\/maderadelider.es\/#website\"},\"datePublished\":\"2025-07-03T11:57:58+00:00\",\"dateModified\":\"2025-09-24T12:43:04+00:00\",\"description\":\"Madera de L\u00edder: m\u00e1s de 20 a\u00f1os dise\u00f1ando mobiliario comercial y decoraci\u00f3n de interiores. Conoce nuestra historia, valores y compromiso con la calidad.\",\"breadcrumb\":{\"@id\":\"https:\/\/maderadelider.es\/sobre-nosotros\/#breadcrumb\"},\"inLanguage\":\"en-GB\",\"potentialAction\":[{\"@type\":\"ReadAction\",\"target\":[\"https:\/\/maderadelider.es\/sobre-nosotros\/\"]}]},{\"@type\":\"BreadcrumbList\",\"@id\":\"https:\/\/maderadelider.es\/sobre-nosotros\/#breadcrumb\",\"itemListElement\":[{\"@type\":\"ListItem\",\"position\":1,\"name\":\"Portada\",\"item\":\"https:\/\/maderadelider.es\/\"},{\"@type\":\"ListItem\",\"position\":2,\"name\":\"Sobre nosotros\"}]},{\"@type\":\"WebSite\",\"@id\":\"https:\/\/maderadelider.es\/#website\",\"url\":\"https:\/\/maderadelider.es\/\",\"name\":\"Madera de L\u00edder\",\"description\":\"\",\"potentialAction\":[{\"@type\":\"SearchAction\",\"target\":{\"@type\":\"EntryPoint\",\"urlTemplate\":\"https:\/\/maderadelider.es\/?s={search_term_string}\"},\"query-input\":{\"@type\":\"PropertyValueSpecification\",\"valueRequired\":true,\"valueName\":\"search_term_string\"}}],\"inLanguage\":\"en-GB\"}]}<\/script>\n<!-- \/ Yoast SEO plugin. -->","yoast_head_json":{"title":"Sobre nosotros - Madera de L\u00edder","description":"Madera de L\u00edder: m\u00e1s de 20 a\u00f1os dise\u00f1ando mobiliario comercial y decoraci\u00f3n de interiores. Conoce nuestra historia, valores y compromiso con la calidad.","robots":{"index":"index","follow":"follow","max-snippet":"max-snippet:-1","max-image-preview":"max-image-preview:large","max-video-preview":"max-video-preview:-1"},"canonical":"https:\/\/maderadelider.es\/en\/sobre-nosotros\/","og_locale":"en_GB","og_type":"article","og_title":"Sobre nosotros - Madera de L\u00edder","og_description":"Madera de L\u00edder: m\u00e1s de 20 a\u00f1os dise\u00f1ando mobiliario comercial y decoraci\u00f3n de interiores. Conoce nuestra historia, valores y compromiso con la calidad.","og_url":"https:\/\/maderadelider.es\/en\/sobre-nosotros\/","og_site_name":"Madera de L\u00edder","article_modified_time":"2025-09-24T12:43:04+00:00","twitter_card":"summary_large_image","twitter_misc":{"Estimated reading time":"3 minutes"},"schema":{"@context":"https:\/\/schema.org","@graph":[{"@type":"WebPage","@id":"https:\/\/maderadelider.es\/sobre-nosotros\/","url":"https:\/\/maderadelider.es\/sobre-nosotros\/","name":"Sobre nosotros - Madera de L\u00edder","isPartOf":{"@id":"https:\/\/maderadelider.es\/#website"},"datePublished":"2025-07-03T11:57:58+00:00","dateModified":"2025-09-24T12:43:04+00:00","description":"Madera de L\u00edder: m\u00e1s de 20 a\u00f1os dise\u00f1ando mobiliario comercial y decoraci\u00f3n de interiores. Conoce nuestra historia, valores y compromiso con la calidad.","breadcrumb":{"@id":"https:\/\/maderadelider.es\/sobre-nosotros\/#breadcrumb"},"inLanguage":"en-GB","potentialAction":[{"@type":"ReadAction","target":["https:\/\/maderadelider.es\/sobre-nosotros\/"]}]},{"@type":"BreadcrumbList","@id":"https:\/\/maderadelider.es\/sobre-nosotros\/#breadcrumb","itemListElement":[{"@type":"ListItem","position":1,"name":"Portada","item":"https:\/\/maderadelider.es\/"},{"@type":"ListItem","position":2,"name":"Sobre nosotros"}]},{"@type":"WebSite","@id":"https:\/\/maderadelider.es\/#website","url":"https:\/\/maderadelider.es\/","name":"Madera de L\u00edder","description":"","potentialAction":[{"@type":"SearchAction","target":{"@type":"EntryPoint","urlTemplate":"https:\/\/maderadelider.es\/?s={search_term_string}"},"query-input":{"@type":"PropertyValueSpecification","valueRequired":true,"valueName":"search_term_string"}}],"inLanguage":"en-GB"}]}},"_links":{"self":[{"href":"https:\/\/maderadelider.es\/en\/wp-json\/wp\/v2\/pages\/235","targetHints":{"allow":["GET"]}}],"collection":[{"href":"https:\/\/maderadelider.es\/en\/wp-json\/wp\/v2\/pages"}],"about":[{"href":"https:\/\/maderadelider.es\/en\/wp-json\/wp\/v2\/types\/page"}],"author":[{"embeddable":true,"href":"https:\/\/maderadelider.es\/en\/wp-json\/wp\/v2\/users\/1"}],"replies":[{"embeddable":true,"href":"https:\/\/maderadelider.es\/en\/wp-json\/wp\/v2\/comments?post=235"}],"version-history":[{"count":0,"href":"https:\/\/maderadelider.es\/en\/wp-json\/wp\/v2\/pages\/235\/revisions"}],"wp:attachment":[{"href":"https:\/\/maderadelider.es\/en\/wp-json\/wp\/v2\/media?parent=235"}],"curies":[{"name":"wp","href":"https:\/\/api.w.org\/{rel}","templated":true}]}}